{"id":1401,"date":"2018-03-07T11:59:46","date_gmt":"2018-03-07T10:59:46","guid":{"rendered":"https:\/\/www.laetitiadechocqueuse.com\/?page_id=1401"},"modified":"2023-03-09T14:23:40","modified_gmt":"2023-03-09T13:23:40","slug":"bio-contact","status":"publish","type":"page","link":"https:\/\/www.laetitiadechocqueuse.com\/en\/bio-contact\/","title":{"rendered":"Bio &#038; Contact"},"content":{"rendered":"<p>[et_pb_section fb_built=&#8221;1&#8243; _builder_version=&#8221;4.16&#8243; width=&#8221;99.8%&#8221; width_tablet=&#8221;auto&#8221; width_phone=&#8221;auto&#8221; width_last_edited=&#8221;on|desktop&#8221; max_width=&#8221;950px&#8221; max_width_tablet=&#8221;80%&#8221; max_width_phone=&#8221;100%&#8221; max_width_last_edited=&#8221;on|phone&#8221; module_alignment=&#8221;center&#8221; custom_padding=&#8221;15px|0px|50px|0px&#8221; global_colors_info=&#8221;{}&#8221;][et_pb_row _builder_version=&#8221;4.16&#8243; background_size=&#8221;initial&#8221; background_position=&#8221;top_left&#8221; background_repeat=&#8221;repeat&#8221; max_width=&#8221;900px&#8221; max_width_tablet=&#8221;&#8221; max_width_phone=&#8221;100%&#8221; max_width_last_edited=&#8221;on|phone&#8221; module_alignment=&#8221;center&#8221; custom_margin=&#8221;6px|117px||91px||&#8221; custom_padding=&#8221;15px||13px|&#8221; use_custom_width=&#8221;on&#8221; custom_width_px=&#8221;819px&#8221; global_colors_info=&#8221;{}&#8221;][et_pb_column type=&#8221;4_4&#8243; _builder_version=&#8221;4.16&#8243; custom_padding=&#8221;|||&#8221; global_colors_info=&#8221;{}&#8221; custom_padding__hover=&#8221;|||&#8221;][et_pb_text admin_label=&#8221;Texte&#8221; _builder_version=&#8221;4.20.2&#8243; text_font=&#8221;||||||||&#8221; text_text_color=&#8221;rgba(26,26,26,0.9)&#8221; text_font_size=&#8221;16px&#8221; width=&#8221;400px&#8221; width_tablet=&#8221;&#8221; width_phone=&#8221;100%&#8221; width_last_edited=&#8221;on|phone&#8221; module_alignment=&#8221;right&#8221; custom_margin=&#8221;|22px||||&#8221; hover_enabled=&#8221;0&#8243; global_colors_info=&#8221;{}&#8221; sticky_enabled=&#8221;0&#8243;]<\/p>\n<p style=\"text-align: right;\"><strong><a href=\"&#109;&#x61;i&#108;&#x74;o&#58;&#x6c;a&#101;&#x74;i&#116;&#x69;a&#46;&#x64;e&#99;&#x68;o&#99;&#x71;u&#101;&#x75;s&#101;&#x40;g&#109;&#x61;i&#x6c;&#x2e;c&#x6f;&#x6d;\" target=\"_blank\" rel=\"noopener noreferrer\">&#x6c;a&#x65;&#116;&#x69;&#x74;i&#x61;&#46;&#x64;&#x65;c&#x68;&#111;&#x63;&#x71;u&#x65;&#117;&#x73;&#x65;&#64;&#x67;&#109;&#x61;&#x69;l&#x2e;&#99;&#x6f;&#x6d;<\/a><\/strong><\/p>\n<p>&nbsp;<\/p>\n<p style=\"text-align: right;\"><\/p>\n<p>&#8220;<em>Laetitia de Chocqueuse\u2019s artworks give themselves to us amidst the giddiness of a dizzy spell. Like a sea shell would hold the sea, each piece contains the spatiotemporal memory of its original context. Sciences, both human and natural, mingle with the history of techniques and shapes but the connecting of remote if not diverging realities does not end there. Because each one of them is equally penetrated by the idea of a flow, a cycle, encompassing both transmission and anticipation.<\/em>&#8221; Ingrid Luquet Gad<\/p>\n<p>&nbsp;<\/p>\n<p class=\"p1\"><span class=\"s1\">Laetitia de Chocqueuse lives and works in Malaga, Spain, and Paris, France.<\/span><\/p>\n<p class=\"p1\"><span class=\"s1\">Graduated from the \u00c9cole Nationale Sup\u00e9rieure des Beaux-Arts in Paris, she also studied at The \u00c9cole Nationale Sup\u00e9rieure des Arts D\u00e9coratifs in Paris, La Cambre in Brussels, as well as at ZhDK in Z\u00fcrich. In Belgium, her work has been shown in the context of the Speedy Wash (Wiels outdoor) or during the fair Art on Paper (Bozar). In France, she has been selected for the Salon de Montrouge, the Bourse R\u00e9v\u00e9lations Emerige and the Novembre \u00e0 Vitry painting prize.<span class=\"Apple-converted-space\">\u00a0<\/span><\/span><\/p>\n<p>[\/et_pb_text][et_pb_image src=&#8221;https:\/\/www.laetitiadechocqueuse.com\/wp-content\/uploads\/2018\/04\/IMG_0410c.jpg&#8221; align=&#8221;center&#8221; align_tablet=&#8221;center&#8221; align_phone=&#8221;&#8221; align_last_edited=&#8221;on|desktop&#8221; disabled_on=&#8221;on|on|on&#8221; _builder_version=&#8221;4.16&#8243; custom_margin=&#8221;||20px|&#8221; disabled=&#8221;on&#8221; global_colors_info=&#8221;{}&#8221;][\/et_pb_image][\/et_pb_column][\/et_pb_row][\/et_pb_section]<\/p>","protected":false},"excerpt":{"rendered":"<p>l&#97;&#x65;&#x74;&#x69;t&#105;&#x61;&#x2e;&#x64;e&#99;&#x68;&#x6f;&#x63;q&#117;&#x65;&#x75;&#x73;e&#64;&#x67;&#x6d;&#x61;i&#108;&#x2e;&#x63;&#x6f;m &nbsp; &#8220;Laetitia de Chocqueuse\u2019s artworks give themselves to us amidst the giddiness of a dizzy spell. Like a sea shell would hold the sea, each piece contains the spatiotemporal memory of its original context. Sciences, both human and natural, mingle with the history of techniques and shapes but the connecting of remote if not [&hellip;]<\/p>\n","protected":false},"author":1,"featured_media":0,"parent":0,"menu_order":0,"comment_status":"closed","ping_status":"closed","template":"","meta":{"_acf_changed":false,"_et_pb_use_builder":"on","_et_pb_old_content":"","_et_gb_content_width":"","footnotes":""},"class_list":["post-1401","page","type-page","status-publish","hentry"],"acf":[],"_links":{"self":[{"href":"https:\/\/www.laetitiadechocqueuse.com\/en\/wp-json\/wp\/v2\/pages\/1401","targetHints":{"allow":["GET"]}}],"collection":[{"href":"https:\/\/www.laetitiadechocqueuse.com\/en\/wp-json\/wp\/v2\/pages"}],"about":[{"href":"https:\/\/www.laetitiadechocqueuse.com\/en\/wp-json\/wp\/v2\/types\/page"}],"author":[{"embeddable":true,"href":"https:\/\/www.laetitiadechocqueuse.com\/en\/wp-json\/wp\/v2\/users\/1"}],"replies":[{"embeddable":true,"href":"https:\/\/www.laetitiadechocqueuse.com\/en\/wp-json\/wp\/v2\/comments?post=1401"}],"version-history":[{"count":64,"href":"https:\/\/www.laetitiadechocqueuse.com\/en\/wp-json\/wp\/v2\/pages\/1401\/revisions"}],"predecessor-version":[{"id":3241,"href":"https:\/\/www.laetitiadechocqueuse.com\/en\/wp-json\/wp\/v2\/pages\/1401\/revisions\/3241"}],"wp:attachment":[{"href":"https:\/\/www.laetitiadechocqueuse.com\/en\/wp-json\/wp\/v2\/media?parent=1401"}],"curies":[{"name":"wp","href":"https:\/\/api.w.org\/{rel}","templated":true}]}}