{"id":1398,"date":"2018-03-07T11:54:35","date_gmt":"2018-03-07T10:54:35","guid":{"rendered":"https:\/\/www.laetitiadechocqueuse.com\/?page_id=1398"},"modified":"2023-04-06T14:36:48","modified_gmt":"2023-04-06T12:36:48","slug":"textes","status":"publish","type":"page","link":"https:\/\/www.laetitiadechocqueuse.com\/en\/textes\/","title":{"rendered":"Textes"},"content":{"rendered":"<p>[et_pb_section fb_built=&#8221;1&#8243; _builder_version=&#8221;4.16&#8243; custom_padding=&#8221;30px|0px|50px|0px&#8221; global_colors_info=&#8221;{}&#8221;][et_pb_row custom_padding_last_edited=&#8221;on|tablet&#8221; _builder_version=&#8221;4.16&#8243; background_size=&#8221;initial&#8221; background_position=&#8221;top_left&#8221; background_repeat=&#8221;repeat&#8221; max_width=&#8221;600px&#8221; max_width_tablet=&#8221;&#8221; max_width_phone=&#8221;&#8221; max_width_last_edited=&#8221;on|desktop&#8221; module_alignment=&#8221;center&#8221; custom_padding=&#8221;15px|25px|20px|230px&#8221; custom_padding_tablet=&#8221;|||150px&#8221; custom_padding_phone=&#8221;|||70px&#8221; global_colors_info=&#8221;{}&#8221;][et_pb_column type=&#8221;4_4&#8243; _builder_version=&#8221;4.16&#8243; custom_padding=&#8221;|||&#8221; global_colors_info=&#8221;{}&#8221; custom_padding__hover=&#8221;|||&#8221;][et_pb_text admin_label=&#8221;Text&#8221; _builder_version=&#8221;4.20.4&#8243; text_font=&#8221;||||||||&#8221; text_text_color=&#8221;#0a0a0a&#8221; text_font_size=&#8221;18px&#8221; text_line_height=&#8221;1.4em&#8221; custom_margin=&#8221;50px||&#8221; custom_padding=&#8221;||50px&#8221; link_option_url=&#8221;https:\/\/www.laetitiadechocqueuse.com\/wp-content\/uploads\/2023\/04\/texte_pauline_faivre.pdf&#8221; link_option_url_new_window=&#8221;on&#8221; hover_enabled=&#8221;0&#8243; border_width_bottom=&#8221;1px&#8221; border_color_bottom=&#8221;rgba(26,26,26,0.15)&#8221; global_colors_info=&#8221;{}&#8221; sticky_enabled=&#8221;0&#8243;]<\/p>\n<p>&nbsp;<\/p>\n<p><strong><em>Spatio-intemporelle<\/em><\/strong>, 2022<br \/>Catalogue Espace,<br \/>Texte de Pauline Faivre<br \/><strong>.PDF<\/strong><\/p>\n<p>[\/et_pb_text][et_pb_text _builder_version=&#8221;4.16&#8243; text_font=&#8221;||||||||&#8221; text_text_color=&#8221;#0a0a0a&#8221; text_font_size=&#8221;18px&#8221; text_line_height=&#8221;1.4em&#8221; custom_margin=&#8221;50px||&#8221; custom_padding=&#8221;||50px&#8221; link_option_url=&#8221;https:\/\/www.laetitiadechocqueuse.com\/wp-content\/uploads\/2019\/12\/catalogue_revelations_emerige_5ans_propos_recueillis_par_julien_verhaeghe.pdf&#8221; link_option_url_new_window=&#8221;on&#8221; border_width_bottom=&#8221;1px&#8221; border_color_bottom=&#8221;rgba(26,26,26,0.15)&#8221; global_colors_info=&#8221;{}&#8221;]<\/p>\n<p>&nbsp;<\/p>\n<p><strong><em>Je pense que les choses sont en elles-m\u00eames<\/em><\/strong>, 2019<br \/>Catalogue R\u00e9v\u00e9lations Emerige 5 ans<br \/>Propos recueillis par Julien Verhaeghe<br \/><strong>.PDF<\/strong><\/p>\n<p>[\/et_pb_text][et_pb_text _builder_version=&#8221;4.16&#8243; text_font=&#8221;||||||||&#8221; text_text_color=&#8221;#0a0a0a&#8221; text_font_size=&#8221;18px&#8221; text_line_height=&#8221;1.4em&#8221; custom_margin=&#8221;0px||&#8221; custom_padding=&#8221;||50px&#8221; link_option_url=&#8221;https:\/\/www.laetitiadechocqueuse.com\/wp-content\/uploads\/2019\/07\/article_tdg.pdf&#8221; link_option_url_new_window=&#8221;on&#8221; border_width_bottom=&#8221;1px&#8221; border_color_bottom=&#8221;rgba(26,26,26,0.15)&#8221; global_colors_info=&#8221;{}&#8221;]<\/p>\n<p>&nbsp;<\/p>\n<p><strong><em>Le journal comme matrice d\u2019une \u0153uvre<\/em><\/strong>, 2019<br \/>La Tribune de Gen\u00e8ve<br \/>Article d\u2019Ir\u00e8ne Languin<br \/><strong>.PDF<\/strong><\/p>\n<p>[\/et_pb_text][et_pb_text _builder_version=&#8221;4.16&#8243; text_font=&#8221;||||||||&#8221; text_text_color=&#8221;#0a0a0a&#8221; text_font_size=&#8221;18px&#8221; text_line_height=&#8221;1.4em&#8221; custom_margin=&#8221;0px||&#8221; custom_padding=&#8221;||50px&#8221; link_option_url=&#8221;https:\/\/www.laetitiadechocqueuse.com\/wp-content\/uploads\/2018\/06\/texte_luquet_gad.pdf&#8221; link_option_url_new_window=&#8221;on&#8221; border_width_bottom=&#8221;1px&#8221; border_color_bottom=&#8221;rgba(26,26,26,0.15)&#8221; global_colors_info=&#8221;{}&#8221;]<\/p>\n<p>&nbsp;<\/p>\n<p><strong><em>En forme de vertiges<\/em><\/strong>, 2017<br \/>Catalogue Bourse R\u00e9v\u00e9lations Emerige<br \/>Texte d&#8217;Ingrid Luquet-Gad<br \/><strong>.PDF<\/strong><\/p>\n<p>[\/et_pb_text][et_pb_text _builder_version=&#8221;4.16&#8243; text_font=&#8221;||||||||&#8221; text_text_color=&#8221;#0a0a0a&#8221; text_font_size=&#8221;18px&#8221; text_line_height=&#8221;1.4em&#8221; custom_margin=&#8221;50px||&#8221; custom_padding=&#8221;||50px&#8221; link_option_url=&#8221;https:\/\/www.laetitiadechocqueuse.com\/wp-content\/uploads\/2018\/06\/georges_duntel_quelques_pas_dans_l_univers.pdf&#8221; link_option_url_new_window=&#8221;on&#8221; border_width_bottom=&#8221;1px&#8221; border_color_bottom=&#8221;rgba(26,26,26,0.15)&#8221; global_colors_info=&#8221;{}&#8221;]<\/p>\n<p><strong><em>Quelques pas dans l\u2019Univers<\/em><\/strong>, 2017<br \/>Texte de Georges Duntel<br \/> <strong>.PDF<\/strong><\/p>\n<p>[\/et_pb_text][et_pb_text _builder_version=&#8221;4.16&#8243; text_font=&#8221;||||||||&#8221; text_text_color=&#8221;#0a0a0a&#8221; text_font_size=&#8221;18px&#8221; text_line_height=&#8221;1.4em&#8221; custom_margin=&#8221;50px||&#8221; custom_padding=&#8221;||50px&#8221; link_option_url=&#8221;https:\/\/www.laetitiadechocqueuse.com\/wp-content\/uploads\/2019\/02\/ldc-le-corps-phenomenologique.pdf&#8221; link_option_url_new_window=&#8221;on&#8221; border_width_bottom=&#8221;1px&#8221; border_color_bottom=&#8221;rgba(26,26,26,0.15)&#8221; global_colors_info=&#8221;{}&#8221;]<strong><em>Le Corps ph\u00e9nom\u00e9nologique de la M\u00e9moire<\/em><\/strong>, 2016<br \/>\nLe Chassis<br \/>\nArticle de Victor Mazi\u00e8re<br \/>\n<strong>.PDF<\/strong>[\/et_pb_text][et_pb_text _builder_version=&#8221;4.16&#8243; text_font=&#8221;||||||||&#8221; text_text_color=&#8221;#0a0a0a&#8221; text_font_size=&#8221;18px&#8221; text_line_height=&#8221;1.4em&#8221; custom_margin=&#8221;50px||&#8221; custom_padding=&#8221;||50px&#8221; link_option_url=&#8221;https:\/\/www.tagesanzeiger.ch\/zuerich\/bellevue\/Ein-Bild-von-einer-Zeitung\/story\/19151796&#8243; link_option_url_new_window=&#8221;on&#8221; border_width_bottom=&#8221;1px&#8221; border_color_bottom=&#8221;rgba(26,26,26,0.15)&#8221; global_colors_info=&#8221;{}&#8221;]<\/p>\n<p><em><strong>Ein Bild von einer Zeitung<\/strong><\/em>, 2015<br \/> Tages Anzeiger<br \/> Article en ligne de Salome M\u00fcller<br \/> (en allemand)<\/p>\n<p>[\/et_pb_text][et_pb_text _builder_version=&#8221;4.16&#8243; text_font=&#8221;||||||||&#8221; text_text_color=&#8221;#0a0a0a&#8221; text_font_size=&#8221;18px&#8221; text_line_height=&#8221;1.4em&#8221; custom_margin=&#8221;50px||&#8221; custom_padding=&#8221;||50px&#8221; link_option_url=&#8221;https:\/\/www.laetitiadechocqueuse.com\/wp-content\/uploads\/2019\/02\/article_ldc_artistikrezo.pdf&#8221; link_option_url_new_window=&#8221;on&#8221; border_color_bottom=&#8221;rgba(26,26,26,0.15)&#8221; global_colors_info=&#8221;{}&#8221;]<\/p>\n<p><strong><em>Laetitia de Chocqueuse, \u00e9trange pr\u00e9sence au salon de Montrouge<\/em><\/strong>, 2014<br \/>Artistik Rezo<br \/> Article de Juliette Jean <br \/> <strong>.PDF<\/strong><\/p>\n<p>[\/et_pb_text][\/et_pb_column][\/et_pb_row][\/et_pb_section]<\/p>\n","protected":false},"excerpt":{"rendered":"<p>&nbsp; Spatio-intemporelle, 2022Catalogue Espace,Texte de Pauline Faivre.PDF&nbsp; Je pense que les choses sont en elles-m\u00eames, 2019Catalogue R\u00e9v\u00e9lations Emerige 5 ansPropos recueillis par Julien Verhaeghe.PDF&nbsp; Le journal comme matrice d\u2019une \u0153uvre, 2019La Tribune de Gen\u00e8veArticle d\u2019Ir\u00e8ne Languin.PDF&nbsp; En forme de vertiges, 2017Catalogue Bourse R\u00e9v\u00e9lations EmerigeTexte d&#8217;Ingrid Luquet-Gad.PDFQuelques pas dans l\u2019Univers, 2017Texte de Georges Duntel .PDFLe Corps [&hellip;]<\/p>\n","protected":false},"author":1,"featured_media":0,"parent":0,"menu_order":0,"comment_status":"closed","ping_status":"closed","template":"","meta":{"_acf_changed":false,"_et_pb_use_builder":"on","_et_pb_old_content":"","_et_gb_content_width":"","footnotes":""},"class_list":["post-1398","page","type-page","status-publish","hentry"],"acf":[],"_links":{"self":[{"href":"https:\/\/www.laetitiadechocqueuse.com\/en\/wp-json\/wp\/v2\/pages\/1398","targetHints":{"allow":["GET"]}}],"collection":[{"href":"https:\/\/www.laetitiadechocqueuse.com\/en\/wp-json\/wp\/v2\/pages"}],"about":[{"href":"https:\/\/www.laetitiadechocqueuse.com\/en\/wp-json\/wp\/v2\/types\/page"}],"author":[{"embeddable":true,"href":"https:\/\/www.laetitiadechocqueuse.com\/en\/wp-json\/wp\/v2\/users\/1"}],"replies":[{"embeddable":true,"href":"https:\/\/www.laetitiadechocqueuse.com\/en\/wp-json\/wp\/v2\/comments?post=1398"}],"version-history":[{"count":31,"href":"https:\/\/www.laetitiadechocqueuse.com\/en\/wp-json\/wp\/v2\/pages\/1398\/revisions"}],"predecessor-version":[{"id":3260,"href":"https:\/\/www.laetitiadechocqueuse.com\/en\/wp-json\/wp\/v2\/pages\/1398\/revisions\/3260"}],"wp:attachment":[{"href":"https:\/\/www.laetitiadechocqueuse.com\/en\/wp-json\/wp\/v2\/media?parent=1398"}],"curies":[{"name":"wp","href":"https:\/\/api.w.org\/{rel}","templated":true}]}}